{"id":3438,"date":"2022-11-29T04:11:45","date_gmt":"2022-11-29T04:11:45","guid":{"rendered":"https:\/\/casaacademy.org\/asistir-a-casa\/"},"modified":"2022-11-29T04:11:45","modified_gmt":"2022-11-29T04:11:45","slug":"asistir-a-casa","status":"publish","type":"page","link":"https:\/\/casaacademy.org\/es\/inscribase-en\/asistir-a-casa\/","title":{"rendered":"Asistir a CASA"},"content":{"rendered":"<h1><img decoding=\"async\" class=\"aligncenter wp-image-2022 size-full lazyload\" data-src=\"https:\/\/casaacademy.org\/wp-content\/uploads\/2022\/12\/IMG_1432-scaled-e1673302057628.jpg\" alt=\"Los alumnos de la Academia CASA se sientan alrededor de la alfombra del aula\" width=\"2560\" height=\"1356\" data-srcset=\"https:\/\/casaacademy.org\/wp-content\/uploads\/2022\/12\/IMG_1432-scaled-e1673302057628.jpg 2560w, https:\/\/casaacademy.org\/wp-content\/uploads\/2022\/12\/IMG_1432-scaled-e1673302057628-300x159.jpg 300w, https:\/\/casaacademy.org\/wp-content\/uploads\/2022\/12\/IMG_1432-scaled-e1673302057628-1024x542.jpg 1024w, https:\/\/casaacademy.org\/wp-content\/uploads\/2022\/12\/IMG_1432-scaled-e1673302057628-768x407.jpg 768w, https:\/\/casaacademy.org\/wp-content\/uploads\/2022\/12\/IMG_1432-scaled-e1673302057628-1536x814.jpg 1536w, https:\/\/casaacademy.org\/wp-content\/uploads\/2022\/12\/IMG_1432-scaled-e1673302057628-2048x1085.jpg 2048w\" data-sizes=\"(max-width: 2560px) 100vw, 2560px\" src=\"data:image\/svg+xml;base64,PHN2ZyB3aWR0aD0iMSIgaGVpZ2h0PSIxIiB4bWxucz0iaHR0cDovL3d3dy53My5vcmcvMjAwMC9zdmciPjwvc3ZnPg==\" style=\"--smush-placeholder-width: 2560px; --smush-placeholder-aspect-ratio: 2560\/1356;\" \/><\/h1>\n<h1>Asistir a la Academia CASA<\/h1>\n<p><em>Vea c\u00f3mo es un d\u00eda en la vida de un becario de CASA.<\/em><\/p>\n<p><iframe title=\"A Day in the Life of a CASA Scholar\" width=\"1080\" height=\"608\" data-src=\"https:\/\/www.youtube.com\/embed\/ypwvV_gi2sI?feature=oembed\"  allow=\"accelerometer; autoplay; clipboard-write; encrypted-media; gyroscope; picture-in-picture; web-share\" allowfullscreen src=\"data:image\/svg+xml;base64,PHN2ZyB3aWR0aD0iMSIgaGVpZ2h0PSIxIiB4bWxucz0iaHR0cDovL3d3dy53My5vcmcvMjAwMC9zdmciPjwvc3ZnPg==\" class=\"lazyload\" data-load-mode=\"1\"><\/iframe><\/p>\n<h2>Vida escolar<\/h2>\n<h3 style=\"text-align: left;\"><span style=\"color: #000000;\">Comunidad<\/span><\/h3>\n<p>CASA Academy es una peque\u00f1a comunidad donde su hijo ser\u00e1 conocido y cuidado individualmente. Los responsables de la escuela saludan a los alumnos por su nombre al llegar cada ma\u00f1ana. Los profesores comienzan cada jornada escolar con una reuni\u00f3n matinal, lo que permite a los alumnos ser miembros activos de su comunidad de clase y desarrollar habilidades interpersonales. Todos los viernes, los alumnos se re\u00fanen para celebrar una reuni\u00f3n de toda la comunidad escolar, en la que se unen al canto de CASA y recuerdan los valores fundamentales de CASA. En la Academia CASA, profesores y alumnos trabajan juntos en alegre comunidad para crecer cada d\u00eda, y para celebrar el progreso a lo largo del camino.<\/p>\n<h3 style=\"text-align: left;\"><span style=\"color: #000000;\">Cultura universitaria<\/span><\/h3>\n<p>A los alumnos de la Academia CASA se les recuerda a diario que est\u00e1n en el camino hacia la universidad, desde el jard\u00edn de infancia. Cada aula tiene su propio canto universitario que los alumnos entonan al comienzo de la jornada y en las reuniones de la comunidad escolar. Los profesores imparten una ense\u00f1anza rigurosa para garantizar que todos los alumnos alcancen o superen el nivel de su curso al final del a\u00f1o, con el fin de mantenerlos en el buen camino para asistir a la universidad. Los becarios trabajan duro, desarrollando sus capacidades acad\u00e9micas y adquiriendo la perseverancia y las agallas que necesitar\u00e1n para triunfar en la universidad y m\u00e1s all\u00e1.<\/p>\n<h3 style=\"text-align: left;\"><span style=\"color: #000000;\">Car\u00e1cter<\/span><\/h3>\n<p>Adem\u00e1s de las habilidades acad\u00e9micas, la Academia CASA desarrolla los rasgos de car\u00e1cter que los alumnos necesitar\u00e1n para tener \u00e9xito en la universidad y en la vida, desde dar la mano con firmeza y discrepar educadamente hasta crecer en honestidad y perseverancia. A trav\u00e9s de su excelente programa de desarrollo del car\u00e1cter, la Academia CASA est\u00e1 formando a los futuros l\u00edderes de nuestra comunidad.<\/p>\n<h2 style=\"text-align: left;\">Horario escolar<\/h2>\n<h3 style=\"text-align: left;\"><span style=\"color: #000000;\">Jornada escolar:<\/span><\/h3>\n<p style=\"text-align: left;\">Lunes: de 7.35 h a 15.20 h<\/p>\n<p style=\"text-align: left;\">Martes: de 7.35 h a 15.20 h<\/p>\n<p style=\"text-align: left;\">Mi\u00e9rcoles: de 7.35 h a 15.20 h<\/p>\n<p style=\"text-align: left;\">Jueves: de 7.35 a 12.45 horas<\/p>\n<p style=\"text-align: left;\">Viernes: de 7.35 h a 15.20 h<\/p>\n<h3 style=\"text-align: left;\"><span style=\"color: #000000;\">Horario del programa extraescolar:<\/span><\/h3>\n<p style=\"text-align: left;\">Lunes 15:30 a 17:00<\/p>\n<p>Martes: 15:30 a 17:00<\/p>\n<p>Mi\u00e9rcoles: 15:30 a 17:00<\/p>\n<p>Jueves: de 13.00 a 17.00 horas<\/p>\n<p>Viernes 15:30 a 17:00<\/p>\n<h2>Transporte<\/h2>\n<p>La Academia CASA proporciona transporte GRATUITO a todos los becarios que est\u00e9n interesados. P\u00f3ngase en contacto con la oficina principal de CASA si est\u00e1 interesado en que su hijo viaje en el autob\u00fas escolar. Oficina principal: (602) 892-5022<\/p>\n<h2>Matr\u00edcula<\/h2>\n<p>CASA Academy es una escuela concertada gratuita. La asistencia es gratuita.<\/p>\n<h2>Uniformes<\/h2>\n<p>Los alumnos de la Academia CASA llevan uniforme escolar mientras est\u00e1n en el campus. El uniforme es una parte importante de nuestro modelo, ya que es un recordatorio visual de las altas expectativas que tenemos para los alumnos. Llevar uniforme permite a los alumnos centrarse en el aprendizaje mientras est\u00e1n en la escuela y reflejar el orgullo que sienten por s\u00ed mismos y por su escuela. Se espera que los alumnos lleven las camisas por dentro y los botones abrochados. Cuando los becarios tienen el mejor aspecto, se sienten mejor. Cuando los alumnos se sienten bien, aprenden mejor, y por eso nos esforzamos cada d\u00eda.<\/p>\n<p><img decoding=\"async\" class=\"size-large wp-image-2131 alignleft lazyload\" data-src=\"https:\/\/casaacademy.org\/wp-content\/uploads\/2023\/01\/uniforms2-791x1024.jpg\" alt=\"Pol\u00edtica de uniformes de la Academia CASA\" width=\"600\" height=\"777\" data-srcset=\"https:\/\/casaacademy.org\/wp-content\/uploads\/2023\/01\/uniforms2-791x1024.jpg 791w, https:\/\/casaacademy.org\/wp-content\/uploads\/2023\/01\/uniforms2-232x300.jpg 232w, https:\/\/casaacademy.org\/wp-content\/uploads\/2023\/01\/uniforms2-768x994.jpg 768w, https:\/\/casaacademy.org\/wp-content\/uploads\/2023\/01\/uniforms2-1187x1536.jpg 1187w, https:\/\/casaacademy.org\/wp-content\/uploads\/2023\/01\/uniforms2.jpg 1437w\" data-sizes=\"(max-width: 600px) 100vw, 600px\" src=\"data:image\/svg+xml;base64,PHN2ZyB3aWR0aD0iMSIgaGVpZ2h0PSIxIiB4bWxucz0iaHR0cDovL3d3dy53My5vcmcvMjAwMC9zdmciPjwvc3ZnPg==\" style=\"--smush-placeholder-width: 600px; --smush-placeholder-aspect-ratio: 600\/777;\" \/><\/p>\n<p>&nbsp;<\/p>\n<p>&nbsp;<\/p>\n<p>&nbsp;<\/p>\n<p>&nbsp;<\/p>\n<p>&nbsp;<\/p>\n<p>&nbsp;<\/p>\n<p>&nbsp;<\/p>\n<p>&nbsp;<\/p>\n<p>&nbsp;<\/p>\n<p>&nbsp;<\/p>\n<p>&nbsp;<\/p>\n<p>&nbsp;<\/p>\n<p>&nbsp;<\/p>\n<p>&nbsp;<\/p>\n<p>&nbsp;<\/p>\n<p>&nbsp;<\/p>\n<p>&nbsp;<\/p>\n<p>&nbsp;<\/p>\n<p>&nbsp;<\/p>\n<p>&nbsp;<\/p>\n<p style=\"text-align: left;\"><strong>\u00a1<a href=\"https:\/\/docs.google.com\/forms\/d\/e\/1FAIpQLSeUHkEGANXdhx_9IkM04zxlTEjuO0iby-yWnPGSo4nZQ5SmFQ\/viewform\">Haga clic aqu\u00ed<\/a> para programar una visita y ver por qu\u00e9 CASA Academy es un gran hogar para su escolar!<\/strong><\/p>\n<p style=\"text-align: left;\"><strong>\u00bfListo para matricular a su hijo en CASA Academy? Comience por rellenar el <a href=\"https:\/\/casaacademy.org\/enroll-your-child\/\">formulario de intenci\u00f3n de inscripci\u00f3n<\/a>.<\/strong><\/p>\n","protected":false},"excerpt":{"rendered":"<p>Asistir a la Academia CASA Vea c\u00f3mo es un d\u00eda en la vida de un becario de CASA. Vida escolar Comunidad CASA Academy es una peque\u00f1a comunidad donde su hijo ser\u00e1 conocido y cuidado individualmente. Los responsables de la escuela saludan a los alumnos por su nombre al llegar cada ma\u00f1ana. Los profesores comienzan cada [&hellip;]<\/p>\n","protected":false},"author":14,"featured_media":0,"parent":3442,"menu_order":0,"comment_status":"closed","ping_status":"closed","template":"","meta":{"_et_pb_use_builder":"","_et_pb_old_content":"","_et_gb_content_width":"","footnotes":""},"class_list":["post-3438","page","type-page","status-publish","hentry"],"yoast_head":"<!-- This site is optimized with the Yoast SEO plugin v27.2 - https:\/\/yoast.com\/product\/yoast-seo-wordpress\/ -->\n<title>- Asistir a CASA.<\/title>\n<meta name=\"description\" content=\"CASA Academy es una escuela concertada gratuita que imparte ense\u00f1anza primaria. CASA proporciona comidas y transporte. Conozca la vida de los becarios\" \/>\n<meta name=\"robots\" content=\"index, follow, max-snippet:-1, max-image-preview:large, max-video-preview:-1\" \/>\n<link rel=\"canonical\" href=\"https:\/\/casaacademy.org\/es\/inscribase-en\/asistir-a-casa\/\" \/>\n<meta property=\"og:locale\" content=\"es_ES\" \/>\n<meta property=\"og:type\" content=\"article\" \/>\n<meta property=\"og:title\" content=\"- Asistir a CASA.\" \/>\n<meta property=\"og:description\" content=\"CASA Academy es una escuela concertada gratuita que imparte ense\u00f1anza primaria. CASA proporciona comidas y transporte. Conozca la vida de los becarios\" \/>\n<meta property=\"og:url\" content=\"https:\/\/casaacademy.org\/es\/inscribase-en\/asistir-a-casa\/\" \/>\n<meta property=\"og:site_name\" content=\"CASA Academy\" \/>\n<meta property=\"og:image\" content=\"https:\/\/casaacademy.wpengine.com\/wp-content\/uploads\/2022\/12\/IMG_1432-scaled-e1673302057628.jpg\" \/>\n<meta name=\"twitter:card\" content=\"summary_large_image\" \/>\n<meta name=\"twitter:label1\" content=\"Tiempo de lectura\" \/>\n\t<meta name=\"twitter:data1\" content=\"3 minutos\" \/>\n<script type=\"application\/ld+json\" class=\"yoast-schema-graph\">{\"@context\":\"https:\/\/schema.org\",\"@graph\":[{\"@type\":\"WebPage\",\"@id\":\"https:\/\/casaacademy.org\/es\/inscribase-en\/asistir-a-casa\/\",\"url\":\"https:\/\/casaacademy.org\/es\/inscribase-en\/asistir-a-casa\/\",\"name\":\"- Asistir a CASA.\",\"isPartOf\":{\"@id\":\"https:\/\/casaacademy.wpengine.com\/#website\"},\"primaryImageOfPage\":{\"@id\":\"https:\/\/casaacademy.org\/es\/inscribase-en\/asistir-a-casa\/#primaryimage\"},\"image\":{\"@id\":\"https:\/\/casaacademy.org\/es\/inscribase-en\/asistir-a-casa\/#primaryimage\"},\"thumbnailUrl\":\"https:\/\/casaacademy.org\/wp-content\/uploads\/2022\/12\/IMG_1432-scaled-e1673302057628.jpg\",\"datePublished\":\"2022-11-29T04:11:45+00:00\",\"description\":\"CASA Academy es una escuela concertada gratuita que imparte ense\u00f1anza primaria. CASA proporciona comidas y transporte. Conozca la vida de los becarios\",\"breadcrumb\":{\"@id\":\"https:\/\/casaacademy.org\/es\/inscribase-en\/asistir-a-casa\/#breadcrumb\"},\"inLanguage\":\"es\",\"potentialAction\":[{\"@type\":\"ReadAction\",\"target\":[\"https:\/\/casaacademy.org\/es\/inscribase-en\/asistir-a-casa\/\"]}]},{\"@type\":\"ImageObject\",\"inLanguage\":\"es\",\"@id\":\"https:\/\/casaacademy.org\/es\/inscribase-en\/asistir-a-casa\/#primaryimage\",\"url\":\"https:\/\/casaacademy.org\/wp-content\/uploads\/2022\/12\/IMG_1432-scaled-e1673302057628.jpg\",\"contentUrl\":\"https:\/\/casaacademy.org\/wp-content\/uploads\/2022\/12\/IMG_1432-scaled-e1673302057628.jpg\"},{\"@type\":\"BreadcrumbList\",\"@id\":\"https:\/\/casaacademy.org\/es\/inscribase-en\/asistir-a-casa\/#breadcrumb\",\"itemListElement\":[{\"@type\":\"ListItem\",\"position\":1,\"name\":\"P\u00e1gina principal\",\"item\":\"https:\/\/casaacademy.wpengine.com\/es\/por-que-la-academia-casa\/\"},{\"@type\":\"ListItem\",\"position\":2,\"name\":\"Asistir a CASA\"}]},{\"@type\":\"WebSite\",\"@id\":\"https:\/\/casaacademy.wpengine.com\/#website\",\"url\":\"https:\/\/casaacademy.wpengine.com\/\",\"name\":\"CASA Academy\",\"description\":\"\",\"publisher\":{\"@id\":\"https:\/\/casaacademy.wpengine.com\/#organization\"},\"potentialAction\":[{\"@type\":\"SearchAction\",\"target\":{\"@type\":\"EntryPoint\",\"urlTemplate\":\"https:\/\/casaacademy.wpengine.com\/?s={search_term_string}\"},\"query-input\":{\"@type\":\"PropertyValueSpecification\",\"valueRequired\":true,\"valueName\":\"search_term_string\"}}],\"inLanguage\":\"es\"},{\"@type\":\"Organization\",\"@id\":\"https:\/\/casaacademy.wpengine.com\/#organization\",\"name\":\"CASA Academy\",\"url\":\"https:\/\/casaacademy.wpengine.com\/\",\"logo\":{\"@type\":\"ImageObject\",\"inLanguage\":\"es\",\"@id\":\"https:\/\/casaacademy.wpengine.com\/#\/schema\/logo\/image\/\",\"url\":\"https:\/\/casaacademy.org\/wp-content\/uploads\/2023\/06\/Casa-Logo-2023-scaled-1.png\",\"contentUrl\":\"https:\/\/casaacademy.org\/wp-content\/uploads\/2023\/06\/Casa-Logo-2023-scaled-1.png\",\"width\":1042,\"height\":843,\"caption\":\"CASA Academy\"},\"image\":{\"@id\":\"https:\/\/casaacademy.wpengine.com\/#\/schema\/logo\/image\/\"}}]}<\/script>\n<!-- \/ Yoast SEO plugin. -->","yoast_head_json":{"title":"- Asistir a CASA.","description":"CASA Academy es una escuela concertada gratuita que imparte ense\u00f1anza primaria. CASA proporciona comidas y transporte. Conozca la vida de los becarios","robots":{"index":"index","follow":"follow","max-snippet":"max-snippet:-1","max-image-preview":"max-image-preview:large","max-video-preview":"max-video-preview:-1"},"canonical":"https:\/\/casaacademy.org\/es\/inscribase-en\/asistir-a-casa\/","og_locale":"es_ES","og_type":"article","og_title":"- Asistir a CASA.","og_description":"CASA Academy es una escuela concertada gratuita que imparte ense\u00f1anza primaria. CASA proporciona comidas y transporte. Conozca la vida de los becarios","og_url":"https:\/\/casaacademy.org\/es\/inscribase-en\/asistir-a-casa\/","og_site_name":"CASA Academy","og_image":[{"url":"https:\/\/casaacademy.wpengine.com\/wp-content\/uploads\/2022\/12\/IMG_1432-scaled-e1673302057628.jpg","type":"","width":"","height":""}],"twitter_card":"summary_large_image","twitter_misc":{"Tiempo de lectura":"3 minutos"},"schema":{"@context":"https:\/\/schema.org","@graph":[{"@type":"WebPage","@id":"https:\/\/casaacademy.org\/es\/inscribase-en\/asistir-a-casa\/","url":"https:\/\/casaacademy.org\/es\/inscribase-en\/asistir-a-casa\/","name":"- Asistir a CASA.","isPartOf":{"@id":"https:\/\/casaacademy.wpengine.com\/#website"},"primaryImageOfPage":{"@id":"https:\/\/casaacademy.org\/es\/inscribase-en\/asistir-a-casa\/#primaryimage"},"image":{"@id":"https:\/\/casaacademy.org\/es\/inscribase-en\/asistir-a-casa\/#primaryimage"},"thumbnailUrl":"https:\/\/casaacademy.org\/wp-content\/uploads\/2022\/12\/IMG_1432-scaled-e1673302057628.jpg","datePublished":"2022-11-29T04:11:45+00:00","description":"CASA Academy es una escuela concertada gratuita que imparte ense\u00f1anza primaria. CASA proporciona comidas y transporte. Conozca la vida de los becarios","breadcrumb":{"@id":"https:\/\/casaacademy.org\/es\/inscribase-en\/asistir-a-casa\/#breadcrumb"},"inLanguage":"es","potentialAction":[{"@type":"ReadAction","target":["https:\/\/casaacademy.org\/es\/inscribase-en\/asistir-a-casa\/"]}]},{"@type":"ImageObject","inLanguage":"es","@id":"https:\/\/casaacademy.org\/es\/inscribase-en\/asistir-a-casa\/#primaryimage","url":"https:\/\/casaacademy.org\/wp-content\/uploads\/2022\/12\/IMG_1432-scaled-e1673302057628.jpg","contentUrl":"https:\/\/casaacademy.org\/wp-content\/uploads\/2022\/12\/IMG_1432-scaled-e1673302057628.jpg"},{"@type":"BreadcrumbList","@id":"https:\/\/casaacademy.org\/es\/inscribase-en\/asistir-a-casa\/#breadcrumb","itemListElement":[{"@type":"ListItem","position":1,"name":"P\u00e1gina principal","item":"https:\/\/casaacademy.wpengine.com\/es\/por-que-la-academia-casa\/"},{"@type":"ListItem","position":2,"name":"Asistir a CASA"}]},{"@type":"WebSite","@id":"https:\/\/casaacademy.wpengine.com\/#website","url":"https:\/\/casaacademy.wpengine.com\/","name":"CASA Academy","description":"","publisher":{"@id":"https:\/\/casaacademy.wpengine.com\/#organization"},"potentialAction":[{"@type":"SearchAction","target":{"@type":"EntryPoint","urlTemplate":"https:\/\/casaacademy.wpengine.com\/?s={search_term_string}"},"query-input":{"@type":"PropertyValueSpecification","valueRequired":true,"valueName":"search_term_string"}}],"inLanguage":"es"},{"@type":"Organization","@id":"https:\/\/casaacademy.wpengine.com\/#organization","name":"CASA Academy","url":"https:\/\/casaacademy.wpengine.com\/","logo":{"@type":"ImageObject","inLanguage":"es","@id":"https:\/\/casaacademy.wpengine.com\/#\/schema\/logo\/image\/","url":"https:\/\/casaacademy.org\/wp-content\/uploads\/2023\/06\/Casa-Logo-2023-scaled-1.png","contentUrl":"https:\/\/casaacademy.org\/wp-content\/uploads\/2023\/06\/Casa-Logo-2023-scaled-1.png","width":1042,"height":843,"caption":"CASA Academy"},"image":{"@id":"https:\/\/casaacademy.wpengine.com\/#\/schema\/logo\/image\/"}}]}},"_links":{"self":[{"href":"https:\/\/casaacademy.org\/es\/wp-json\/wp\/v2\/pages\/3438","targetHints":{"allow":["GET"]}}],"collection":[{"href":"https:\/\/casaacademy.org\/es\/wp-json\/wp\/v2\/pages"}],"about":[{"href":"https:\/\/casaacademy.org\/es\/wp-json\/wp\/v2\/types\/page"}],"author":[{"embeddable":true,"href":"https:\/\/casaacademy.org\/es\/wp-json\/wp\/v2\/users\/14"}],"replies":[{"embeddable":true,"href":"https:\/\/casaacademy.org\/es\/wp-json\/wp\/v2\/comments?post=3438"}],"version-history":[{"count":0,"href":"https:\/\/casaacademy.org\/es\/wp-json\/wp\/v2\/pages\/3438\/revisions"}],"up":[{"embeddable":true,"href":"https:\/\/casaacademy.org\/es\/wp-json\/wp\/v2\/pages\/3442"}],"wp:attachment":[{"href":"https:\/\/casaacademy.org\/es\/wp-json\/wp\/v2\/media?parent=3438"}],"curies":[{"name":"wp","href":"https:\/\/api.w.org\/{rel}","templated":true}]}}