{"id":3435,"date":"2023-07-20T19:47:22","date_gmt":"2023-07-20T19:47:22","guid":{"rendered":"https:\/\/casaacademy.org\/gracias\/"},"modified":"2023-08-15T20:10:32","modified_gmt":"2023-08-15T20:10:32","slug":"gracias","status":"publish","type":"page","link":"https:\/\/casaacademy.org\/es\/gracias\/","title":{"rendered":"Gracias"},"content":{"rendered":"<p>[et_pb_section fb_built=\u00bb1&#8243; custom_padding_last_edited=\u00bbon|phone\u00bb disabled_on=\u00bboff|off|off\u00bb _builder_version=\u00bb4.21.0&#8243; _module_preset=\u00bbdefault\u00bb background_enable_color=\u00bboff\u00bb background_enable_image=\u00bboff\u00bb custom_padding=\u00bb100px||75px||false|false\u00bb custom_padding_tablet=\u00bb50px||50px||false|false\u00bb custom_padding_phone=\u00bb50px||50px||false|false\u00bb background_last_edited=\u00bboff|desktop\u00bb background_enable_color_tablet=\u00bboff\u00bb background_image_tablet=\u00bbhttps:\/\/casaacademy.org\/wp-content\/uploads\/2023\/07\/image-cirlces-desktop.png\u00bb background_image_phone=\u00bbhttps:\/\/casaacademy.org\/wp-content\/uploads\/2023\/07\/circles-mobile.png\u00bb background_enable_image_tablet=\u00bbon\u00bb background_enable_image_phone=\u00bbon\u00bb parallax_tablet=\u00bboff\u00bb parallax_phone=\u00bboff\u00bb background_size_tablet=\u00bbcover\u00bb background_size_phone=\u00bbcover\u00bb background_position_tablet=\u00bbcenter\u00bb background_position_phone=\u00bbcenter\u00bb background_blend_tablet=\u00bbnormal\u00bb background_blend_phone=\u00bbnormal\u00bb global_colors_info=\u00bb{%22gcid-063bc94c-0c6f-44fd-9c72-6ff261822bfc%22:%91%22background_color%22%93}\u00bb theme_builder_area=\u00bbpost_content\u00bb][et_pb_row custom_padding_last_edited=\u00bbon|phone\u00bb _builder_version=\u00bb4.21.0&#8243; _module_preset=\u00bbdefault\u00bb background_color=\u00bb#FFFFFF\u00bb custom_margin=\u00bb0px||0px||false|false\u00bb custom_padding=\u00bb0px||40px||false|false\u00bb custom_padding_tablet=\u00bb|0px|0px|0px|false|false\u00bb custom_padding_phone=\u00bb|0px||0px|false|false\u00bb background_color_tablet=\u00bbrgba(255,255,255,0.84)\u00bb background_last_edited=\u00bboff|desktop\u00bb background_enable_color_tablet=\u00bbon\u00bb border_radii=\u00bbon|50px|50px|50px|50px\u00bb border_radii_tablet=\u00bbon|0px|0px|0px|0px\u00bb border_radii_phone=\u00bbon|0px|0px|0px|0px\u00bb border_radii_last_edited=\u00bbon|phone\u00bb global_colors_info=\u00bb{}\u00bb theme_builder_area=\u00bbpost_content\u00bb][et_pb_column type=\u00bb4_4&#8243; _builder_version=\u00bb4.21.0&#8243; _module_preset=\u00bbdefault\u00bb background_enable_color=\u00bboff\u00bb border_radii=\u00bbon|10px|10px|10px|10px\u00bb global_colors_info=\u00bb{%22gcid-063bc94c-0c6f-44fd-9c72-6ff261822bfc%22:%91%22background_color%22%93}\u00bb theme_builder_area=\u00bbpost_content\u00bb][et_pb_image src=\u00bbhttps:\/\/casaacademy.org\/wp-content\/uploads\/2023\/08\/visit-us-hearts-1.png\u00bb title_text=\u00bbvisit-us-hearts\u00bb align=\u00bbcenter\u00bb admin_label=\u00bbImage\u00bb _builder_version=\u00bb4.21.0&#8243; _module_preset=\u00bbdefault\u00bb module_alignment=\u00bbcenter\u00bb hover_enabled=\u00bb0&#8243; global_colors_info=\u00bb{}\u00bb theme_builder_area=\u00bbpost_content\u00bb sticky_enabled=\u00bb0&#8243; max_width=\u00bb25%\u00bb max_width_last_edited=\u00bbon|phone\u00bb max_width_tablet=\u00bb50%\u00bb max_width_phone=\u00bb75%\u00bb][\/et_pb_image][et_pb_text admin_label=\u00bbHeading\u00bb _builder_version=\u00bb4.21.0&#8243; _module_preset=\u00bbdefault\u00bb text_text_color=\u00bbgcid-1c2e404d-5754-4758-a1a6-d0cc80364eec\u00bb text_font_size=\u00bb17px\u00bb header_text_align=\u00bbcenter\u00bb header_text_color=\u00bbgcid-2b99257b-03c2-4477-a04e-a7e06547ea69&#8243; header_font_size=\u00bb40px\u00bb header_2_text_align=\u00bbleft\u00bb header_2_text_color=\u00bb#FFFFFF\u00bb header_2_font_size=\u00bb40px\u00bb background_enable_color=\u00bboff\u00bb text_orientation=\u00bbcenter\u00bb max_width=\u00bb800px\u00bb module_alignment=\u00bbcenter\u00bb custom_margin=\u00bb||0px||false|false\u00bb custom_padding=\u00bb25px||10px||false|false\u00bb hover_enabled=\u00bb0&#8243; text_font_size_tablet=\u00bb15px\u00bb text_font_size_phone=\u00bb13px\u00bb text_font_size_last_edited=\u00bbon|phone\u00bb header_font_size_tablet=\u00bb36px\u00bb header_font_size_phone=\u00bb30px\u00bb header_font_size_last_edited=\u00bbon|phone\u00bb header_2_font_size_tablet=\u00bb36px\u00bb header_2_font_size_phone=\u00bb30px\u00bb header_2_font_size_last_edited=\u00bbon|desktop\u00bb global_colors_info=\u00bb{%22gcid-1c2e404d-5754-4758-a1a6-d0cc80364eec%22:%91%22text_text_color%22%93,%22gcid-2b99257b-03c2-4477-a04e-a7e06547ea69%22:%91%22header_text_color%22%93}\u00bb theme_builder_area=\u00bbpost_content\u00bb sticky_enabled=\u00bb0&#8243;]<\/p>\n<h1>Gracias.<\/h1>\n<p>[\/et_pb_text][et_pb_text _builder_version=\u00bb4.21.0&#8243; _module_preset=\u00bbdefault\u00bb text_font=\u00bb|600|||||||\u00bb text_text_color=\u00bbgcid-2b99257b-03c2-4477-a04e-a7e06547ea69&#8243; text_font_size=\u00bb17px\u00bb text_line_height=\u00bb1.75em\u00bb header_text_align=\u00bbcenter\u00bb header_text_color=\u00bb#333333&#8243; header_font_size=\u00bb39px\u00bb header_2_text_align=\u00bbleft\u00bb header_2_text_color=\u00bb#FFFFFF\u00bb header_2_font_size=\u00bb40px\u00bb text_orientation=\u00bbcenter\u00bb max_width=\u00bb820px\u00bb module_alignment=\u00bbcenter\u00bb custom_margin=\u00bb||0px||false|false\u00bb custom_padding=\u00bb0px||0px||false|false\u00bb hover_enabled=\u00bb0&#8243; text_font_size_tablet=\u00bb15px\u00bb text_font_size_phone=\u00bb13px\u00bb text_font_size_last_edited=\u00bbon|phone\u00bb header_2_font_size_tablet=\u00bb36px\u00bb header_2_font_size_phone=\u00bb30px\u00bb header_2_font_size_last_edited=\u00bbon|desktop\u00bb global_colors_info=\u00bb{%22gcid-2b99257b-03c2-4477-a04e-a7e06547ea69%22:%91%22text_text_color%22%93}\u00bb theme_builder_area=\u00bbpost_content\u00bb sticky_enabled=\u00bb0&#8243;]<\/p>\n<p>Gracias por ponerse en contacto con nosotros. Hemos recibido su consulta y nos pondremos en contacto con usted en un plazo de dos d\u00edas laborables. Haga clic en el siguiente bot\u00f3n para acceder a la p\u00e1gina de inicio.<\/p>\n<p>[\/et_pb_text][et_pb_button button_url=\u00bb@ET-DC@eyJkeW5hbWljIjp0cnVlLCJjb250ZW50IjoiaG9tZV91cmwiLCJzZXR0aW5ncyI6W119@\u00bb button_text=\u00bbVolver a casa\u00bb button_alignment=\u00bbcenter\u00bb _builder_version=\u00bb4.21.0&#8243; _dynamic_attributes=\u00bbbutton_url\u00bb _module_preset=\u00bbdefault\u00bb custom_margin=\u00bb25px||||false|false\u00bb global_colors_info=\u00bb{}\u00bb theme_builder_area=\u00bbpost_content\u00bb][\/et_pb_button][\/et_pb_column][\/et_pb_row][\/et_pb_section][et_pb_section fb_built=\u00bb1&#8243; custom_padding_last_edited=\u00bbon|phone\u00bb admin_label=\u00bbCome Visit Us!\u00bb module_class=\u00bbcome-visit\u00bb _builder_version=\u00bb4.21.0&#8243; _module_preset=\u00bbdefault\u00bb background_color=\u00bb#0C9C4E\u00bb custom_padding=\u00bb0px||0px||false|false\u00bb custom_padding_tablet=\u00bb50px||50px||false|false\u00bb custom_padding_phone=\u00bb25px||50px||false|false\u00bb saved_tabs=\u00bball\u00bb global_colors_info=\u00bb{}\u00bb global_module=\u00bb2668&#8243; theme_builder_area=\u00bbpost_content\u00bb][et_pb_row column_structure=\u00bb1_2,1_2&#8243; use_custom_gutter=\u00bbon\u00bb gutter_width=\u00bb1&#8243; _builder_version=\u00bb4.21.0&#8243; _module_preset=\u00bbdefault\u00bb width=\u00bb100%\u00bb width_tablet=\u00bb\u00bb width_phone=\u00bb90%\u00bb width_last_edited=\u00bbon|phone\u00bb max_width=\u00bb100%\u00bb max_width_tablet=\u00bb\u00bb max_width_phone=\u00bb90%\u00bb max_width_last_edited=\u00bbon|phone\u00bb module_alignment=\u00bbcenter\u00bb custom_margin=\u00bb0px||0px||false|false\u00bb custom_padding=\u00bb0px||0px||false|false\u00bb custom_css_main_element=\u00bbdisplay: flex;||align-items: center;\u00bb global_colors_info=\u00bb{}\u00bb custom_css_main_element_last_edited=\u00bbon|phone\u00bb custom_css_main_element_phone=\u00bbdisplay: block;\u00bb custom_css_main_element_tablet=\u00bbdisplay: flex;||align-items: center;\u00bb theme_builder_area=\u00bbpost_content\u00bb][et_pb_column type=\u00bb1_2&#8243; _builder_version=\u00bb4.21.0&#8243; _module_preset=\u00bbdefault\u00bb custom_padding=\u00bb|||10%|false|false\u00bb custom_padding_tablet=\u00bb||0px|0%|false|false\u00bb custom_padding_phone=\u00bb|0px|50px|0%|false|false\u00bb custom_padding_last_edited=\u00bbon|phone\u00bb global_colors_info=\u00bb{}\u00bb theme_builder_area=\u00bbpost_content\u00bb][et_pb_text admin_label=\u00bbHeading\u00bb _builder_version=\u00bb4.21.0&#8243; _module_preset=\u00bbdefault\u00bb text_text_color=\u00bb#FFFFFF\u00bb text_font_size=\u00bb17px\u00bb header_font_size=\u00bb39px\u00bb header_2_text_align=\u00bbleft\u00bb header_2_text_color=\u00bb#FFFFFF\u00bb header_2_font_size=\u00bb40px\u00bb max_width=\u00bb325px\u00bb custom_margin=\u00bb||0px||false|false\u00bb custom_padding=\u00bb25px||10px||false|false\u00bb text_font_size_tablet=\u00bb15px\u00bb text_font_size_phone=\u00bb13px\u00bb text_font_size_last_edited=\u00bbon|phone\u00bb header_2_font_size_tablet=\u00bb36px\u00bb header_2_font_size_phone=\u00bb30px\u00bb header_2_font_size_last_edited=\u00bbon|desktop\u00bb global_colors_info=\u00bb{}\u00bb theme_builder_area=\u00bbpost_content\u00bb]<\/p>\n<h2>Venga a visitarnos<\/h2>\n<p>[\/et_pb_text][et_pb_text _builder_version=\u00bb4.21.0&#8243; _module_preset=\u00bbdefault\u00bb text_text_color=\u00bb#FFFFFF\u00bb text_font_size=\u00bb17px\u00bb text_line_height=\u00bb1.75em\u00bb header_font_size=\u00bb39px\u00bb header_2_text_align=\u00bbleft\u00bb header_2_text_color=\u00bb#FFFFFF\u00bb header_2_font_size=\u00bb40px\u00bb max_width=\u00bb80%\u00bb max_width_tablet=\u00bb80%\u00bb max_width_phone=\u00bbnone\u00bb max_width_last_edited=\u00bbon|phone\u00bb custom_margin=\u00bb||0px||false|false\u00bb custom_padding=\u00bb0px||0px||false|false\u00bb text_font_size_tablet=\u00bb15px\u00bb text_font_size_phone=\u00bb13px\u00bb text_font_size_last_edited=\u00bbon|phone\u00bb header_2_font_size_tablet=\u00bb36px\u00bb header_2_font_size_phone=\u00bb30px\u00bb header_2_font_size_last_edited=\u00bbon|desktop\u00bb global_colors_info=\u00bb{}\u00bb theme_builder_area=\u00bbpost_content\u00bb]Visite nuestro nuevo campus, conozca a algunos de nuestros profesores y vea de primera mano por qu\u00e9 CASA Academy es el mejor lugar para que sus hijos reciban una educaci\u00f3n de alto rendimiento que les preparar\u00e1 para la universidad.[\/et_pb_text][et_pb_button button_text=\u00bbProgramar una visita\u00bb button_alignment=\u00bbleft\u00bb _builder_version=\u00bb4.21.0&#8243; _module_preset=\u00bbdefault\u00bb custom_button=\u00bbon\u00bb button_text_color=\u00bb#0D79BB\u00bb button_bg_color=\u00bb#FFFFFF\u00bb button_use_icon=\u00bboff\u00bb custom_margin=\u00bb25px||||false|false\u00bb custom_padding=\u00bb||||false|false\u00bb button_border_width_last_edited=\u00bboff|desktop\u00bb global_colors_info=\u00bb{}\u00bb button_text_color__hover_enabled=\u00bbon|hover\u00bb button_text_color__hover=\u00bb#FFFFFF\u00bb button_bg_color__hover_enabled=\u00bbon|hover\u00bb button_bg_color__hover=\u00bb#ffc627&#8243; button_bg_enable_color__hover=\u00bbon\u00bb button_border_width__hover_enabled=\u00bbon|hover\u00bb button_border_width__hover=\u00bb1px\u00bb button_border_color__hover_enabled=\u00bbon|hover\u00bb button_border_color__hover=\u00bb#FFFFFF\u00bb theme_builder_area=\u00bbpost_content\u00bb][\/et_pb_button][\/et_pb_column][et_pb_column type=\u00bb1_2&#8243; _builder_version=\u00bb4.21.0&#8243; _module_preset=\u00bbdefault\u00bb global_colors_info=\u00bb{}\u00bb theme_builder_area=\u00bbpost_content\u00bb][et_pb_image src=\u00bbhttps:\/\/casaacademy.org\/wp-content\/uploads\/2023\/06\/Campus-Image-Upscaled.jpg\u00bb title_text=\u00bbImagen del campus ampliada\u00bb _builder_version=\u00bb4.21.0&#8243; _module_preset=\u00bbdefault\u00bb width=\u00bb100%\u00bb global_colors_info=\u00bb{}\u00bb theme_builder_area=\u00bbpost_content\u00bb][\/et_pb_image][\/et_pb_column][\/et_pb_row][\/et_pb_section][et_pb_section fb_built=\u00bb1&#8243; admin_label=\u00bbMotto\u00bb module_class=\u00bbmotto\u00bb _builder_version=\u00bb4.21.0&#8243; _module_preset=\u00bbdefault\u00bb background_color=\u00bb#0D79BB\u00bb custom_padding=\u00bb35px||25px||false|false\u00bb saved_tabs=\u00bball\u00bb global_colors_info=\u00bb{}\u00bb global_module=\u00bb2694&#8243; theme_builder_area=\u00bbpost_content\u00bb][et_pb_row _builder_version=\u00bb4.21.0&#8243; _module_preset=\u00bbdefault\u00bb width_tablet=\u00bb90%\u00bb width_phone=\u00bb90%\u00bb width_last_edited=\u00bbon|phone\u00bb module_alignment=\u00bbcenter\u00bb custom_margin=\u00bb0px||0px||false|false\u00bb custom_padding=\u00bb0px||0px||false|false\u00bb global_colors_info=\u00bb{}\u00bb theme_builder_area=\u00bbpost_content\u00bb][et_pb_column type=\u00bb4_4&#8243; _builder_version=\u00bb4.21.0&#8243; _module_preset=\u00bbdefault\u00bb custom_padding=\u00bb||||false|false\u00bb global_colors_info=\u00bb{}\u00bb theme_builder_area=\u00bbpost_content\u00bb][et_pb_text _builder_version=\u00bb4.21.0&#8243; _module_preset=\u00bbdefault\u00bb text_text_color=\u00bb#FFFFFF\u00bb text_font_size=\u00bb12px\u00bb text_line_height=\u00bb1.5em\u00bb header_font_size=\u00bb39px\u00bb header_2_text_align=\u00bbleft\u00bb header_2_text_color=\u00bb#FFFFFF\u00bb header_2_font_size=\u00bb40px\u00bb header_3_text_align=\u00bbcenter\u00bb header_3_text_color=\u00bb#FFFFFF\u00bb header_3_font_size=\u00bb28px\u00bb header_3_line_height=\u00bb1.25em\u00bb custom_margin=\u00bb||0px||false|false\u00bb custom_padding=\u00bb0px||0px||false|false\u00bb text_font_size_tablet=\u00bb10px\u00bb text_font_size_phone=\u00bb10px\u00bb text_font_size_last_edited=\u00bbon|phone\u00bb header_2_font_size_tablet=\u00bb36px\u00bb header_2_font_size_phone=\u00bb30px\u00bb header_2_font_size_last_edited=\u00bbon|desktop\u00bb header_3_font_size_tablet=\u00bb26px\u00bb header_3_font_size_phone=\u00bb24px\u00bb header_3_font_size_last_edited=\u00bbon|phone\u00bb global_colors_info=\u00bb{}\u00bb theme_builder_area=\u00bbpost_content\u00bb]<\/p>\n<h3>Universidad. Logro. Responsabilidad social. Autenticidad.<\/h3>\n<p>[\/et_pb_text][\/et_pb_column][\/et_pb_row][\/et_pb_section]<\/p>\n","protected":false},"excerpt":{"rendered":"<p>Gracias.Gracias por ponerse en contacto con nosotros. Hemos recibido su consulta y nos pondremos en contacto con usted en un plazo de dos d\u00edas laborables. Haga clic en el siguiente bot\u00f3n para acceder a la p\u00e1gina de inicio.Venga a visitarnosVisite nuestro nuevo campus, conozca a algunos de nuestros profesores y vea de primera mano por [&hellip;]<\/p>\n","protected":false},"author":14,"featured_media":0,"parent":0,"menu_order":0,"comment_status":"closed","ping_status":"closed","template":"","meta":{"_et_pb_use_builder":"on","_et_pb_old_content":"","_et_gb_content_width":"","footnotes":""},"class_list":["post-3435","page","type-page","status-publish","hentry"],"yoast_head":"<!-- This site is optimized with the Yoast SEO plugin v27.2 - https:\/\/yoast.com\/product\/yoast-seo-wordpress\/ -->\n<title>Gracias - CASA Academy<\/title>\n<meta name=\"robots\" content=\"index, follow, max-snippet:-1, max-image-preview:large, max-video-preview:-1\" \/>\n<link rel=\"canonical\" href=\"https:\/\/casaacademy.org\/es\/gracias\/\" \/>\n<meta property=\"og:locale\" content=\"es_ES\" \/>\n<meta property=\"og:type\" content=\"article\" \/>\n<meta property=\"og:title\" content=\"Gracias - CASA Academy\" \/>\n<meta property=\"og:description\" content=\"Gracias.Gracias por ponerse en contacto con nosotros. Hemos recibido su consulta y nos pondremos en contacto con usted en un plazo de dos d\u00edas laborables. Haga clic en el siguiente bot\u00f3n para acceder a la p\u00e1gina de inicio.Venga a visitarnosVisite nuestro nuevo campus, conozca a algunos de nuestros profesores y vea de primera mano por [&hellip;]\" \/>\n<meta property=\"og:url\" content=\"https:\/\/casaacademy.org\/es\/gracias\/\" \/>\n<meta property=\"og:site_name\" content=\"CASA Academy\" \/>\n<meta property=\"article:modified_time\" content=\"2023-08-15T20:10:32+00:00\" \/>\n<meta property=\"og:image\" content=\"https:\/\/casaacademy.org\/wp-content\/uploads\/2023\/08\/casa-hero.png\" \/>\n\t<meta property=\"og:image:width\" content=\"3000\" \/>\n\t<meta property=\"og:image:height\" content=\"800\" \/>\n\t<meta property=\"og:image:type\" content=\"image\/png\" \/>\n<meta name=\"twitter:card\" content=\"summary_large_image\" \/>\n<meta name=\"twitter:label1\" content=\"Tiempo de lectura\" \/>\n\t<meta name=\"twitter:data1\" content=\"8 minutos\" \/>\n<script type=\"application\/ld+json\" class=\"yoast-schema-graph\">{\"@context\":\"https:\/\/schema.org\",\"@graph\":[{\"@type\":\"WebPage\",\"@id\":\"https:\/\/casaacademy.org\/es\/gracias\/\",\"url\":\"https:\/\/casaacademy.org\/es\/gracias\/\",\"name\":\"Gracias - CASA Academy\",\"isPartOf\":{\"@id\":\"https:\/\/casaacademy.wpengine.com\/#website\"},\"datePublished\":\"2023-07-20T19:47:22+00:00\",\"dateModified\":\"2023-08-15T20:10:32+00:00\",\"breadcrumb\":{\"@id\":\"https:\/\/casaacademy.org\/es\/gracias\/#breadcrumb\"},\"inLanguage\":\"es\",\"potentialAction\":[{\"@type\":\"ReadAction\",\"target\":[\"https:\/\/casaacademy.org\/es\/gracias\/\"]}]},{\"@type\":\"BreadcrumbList\",\"@id\":\"https:\/\/casaacademy.org\/es\/gracias\/#breadcrumb\",\"itemListElement\":[{\"@type\":\"ListItem\",\"position\":1,\"name\":\"P\u00e1gina principal\",\"item\":\"https:\/\/casaacademy.wpengine.com\/es\/por-que-la-academia-casa\/\"},{\"@type\":\"ListItem\",\"position\":2,\"name\":\"Gracias\"}]},{\"@type\":\"WebSite\",\"@id\":\"https:\/\/casaacademy.wpengine.com\/#website\",\"url\":\"https:\/\/casaacademy.wpengine.com\/\",\"name\":\"CASA Academy\",\"description\":\"\",\"publisher\":{\"@id\":\"https:\/\/casaacademy.wpengine.com\/#organization\"},\"potentialAction\":[{\"@type\":\"SearchAction\",\"target\":{\"@type\":\"EntryPoint\",\"urlTemplate\":\"https:\/\/casaacademy.wpengine.com\/?s={search_term_string}\"},\"query-input\":{\"@type\":\"PropertyValueSpecification\",\"valueRequired\":true,\"valueName\":\"search_term_string\"}}],\"inLanguage\":\"es\"},{\"@type\":\"Organization\",\"@id\":\"https:\/\/casaacademy.wpengine.com\/#organization\",\"name\":\"CASA Academy\",\"url\":\"https:\/\/casaacademy.wpengine.com\/\",\"logo\":{\"@type\":\"ImageObject\",\"inLanguage\":\"es\",\"@id\":\"https:\/\/casaacademy.wpengine.com\/#\/schema\/logo\/image\/\",\"url\":\"https:\/\/casaacademy.org\/wp-content\/uploads\/2023\/06\/Casa-Logo-2023-scaled-1.png\",\"contentUrl\":\"https:\/\/casaacademy.org\/wp-content\/uploads\/2023\/06\/Casa-Logo-2023-scaled-1.png\",\"width\":1042,\"height\":843,\"caption\":\"CASA Academy\"},\"image\":{\"@id\":\"https:\/\/casaacademy.wpengine.com\/#\/schema\/logo\/image\/\"}}]}<\/script>\n<!-- \/ Yoast SEO plugin. -->","yoast_head_json":{"title":"Gracias - CASA Academy","robots":{"index":"index","follow":"follow","max-snippet":"max-snippet:-1","max-image-preview":"max-image-preview:large","max-video-preview":"max-video-preview:-1"},"canonical":"https:\/\/casaacademy.org\/es\/gracias\/","og_locale":"es_ES","og_type":"article","og_title":"Gracias - CASA Academy","og_description":"Gracias.Gracias por ponerse en contacto con nosotros. Hemos recibido su consulta y nos pondremos en contacto con usted en un plazo de dos d\u00edas laborables. Haga clic en el siguiente bot\u00f3n para acceder a la p\u00e1gina de inicio.Venga a visitarnosVisite nuestro nuevo campus, conozca a algunos de nuestros profesores y vea de primera mano por [&hellip;]","og_url":"https:\/\/casaacademy.org\/es\/gracias\/","og_site_name":"CASA Academy","article_modified_time":"2023-08-15T20:10:32+00:00","og_image":[{"width":3000,"height":800,"url":"https:\/\/casaacademy.org\/wp-content\/uploads\/2023\/08\/casa-hero.png","type":"image\/png"}],"twitter_card":"summary_large_image","twitter_misc":{"Tiempo de lectura":"8 minutos"},"schema":{"@context":"https:\/\/schema.org","@graph":[{"@type":"WebPage","@id":"https:\/\/casaacademy.org\/es\/gracias\/","url":"https:\/\/casaacademy.org\/es\/gracias\/","name":"Gracias - CASA Academy","isPartOf":{"@id":"https:\/\/casaacademy.wpengine.com\/#website"},"datePublished":"2023-07-20T19:47:22+00:00","dateModified":"2023-08-15T20:10:32+00:00","breadcrumb":{"@id":"https:\/\/casaacademy.org\/es\/gracias\/#breadcrumb"},"inLanguage":"es","potentialAction":[{"@type":"ReadAction","target":["https:\/\/casaacademy.org\/es\/gracias\/"]}]},{"@type":"BreadcrumbList","@id":"https:\/\/casaacademy.org\/es\/gracias\/#breadcrumb","itemListElement":[{"@type":"ListItem","position":1,"name":"P\u00e1gina principal","item":"https:\/\/casaacademy.wpengine.com\/es\/por-que-la-academia-casa\/"},{"@type":"ListItem","position":2,"name":"Gracias"}]},{"@type":"WebSite","@id":"https:\/\/casaacademy.wpengine.com\/#website","url":"https:\/\/casaacademy.wpengine.com\/","name":"CASA Academy","description":"","publisher":{"@id":"https:\/\/casaacademy.wpengine.com\/#organization"},"potentialAction":[{"@type":"SearchAction","target":{"@type":"EntryPoint","urlTemplate":"https:\/\/casaacademy.wpengine.com\/?s={search_term_string}"},"query-input":{"@type":"PropertyValueSpecification","valueRequired":true,"valueName":"search_term_string"}}],"inLanguage":"es"},{"@type":"Organization","@id":"https:\/\/casaacademy.wpengine.com\/#organization","name":"CASA Academy","url":"https:\/\/casaacademy.wpengine.com\/","logo":{"@type":"ImageObject","inLanguage":"es","@id":"https:\/\/casaacademy.wpengine.com\/#\/schema\/logo\/image\/","url":"https:\/\/casaacademy.org\/wp-content\/uploads\/2023\/06\/Casa-Logo-2023-scaled-1.png","contentUrl":"https:\/\/casaacademy.org\/wp-content\/uploads\/2023\/06\/Casa-Logo-2023-scaled-1.png","width":1042,"height":843,"caption":"CASA Academy"},"image":{"@id":"https:\/\/casaacademy.wpengine.com\/#\/schema\/logo\/image\/"}}]}},"_links":{"self":[{"href":"https:\/\/casaacademy.org\/es\/wp-json\/wp\/v2\/pages\/3435","targetHints":{"allow":["GET"]}}],"collection":[{"href":"https:\/\/casaacademy.org\/es\/wp-json\/wp\/v2\/pages"}],"about":[{"href":"https:\/\/casaacademy.org\/es\/wp-json\/wp\/v2\/types\/page"}],"author":[{"embeddable":true,"href":"https:\/\/casaacademy.org\/es\/wp-json\/wp\/v2\/users\/14"}],"replies":[{"embeddable":true,"href":"https:\/\/casaacademy.org\/es\/wp-json\/wp\/v2\/comments?post=3435"}],"version-history":[{"count":0,"href":"https:\/\/casaacademy.org\/es\/wp-json\/wp\/v2\/pages\/3435\/revisions"}],"wp:attachment":[{"href":"https:\/\/casaacademy.org\/es\/wp-json\/wp\/v2\/media?parent=3435"}],"curies":[{"name":"wp","href":"https:\/\/api.w.org\/{rel}","templated":true}]}}